{"id":2990,"date":"2022-08-30T09:00:58","date_gmt":"2022-08-30T09:00:58","guid":{"rendered":"https:\/\/laszapatillasrosas.com\/?post_type=product&#038;p=2990"},"modified":"2022-08-30T09:07:12","modified_gmt":"2022-08-30T09:07:12","slug":"zapato-con-elastico","status":"publish","type":"product","link":"https:\/\/laszapatillasrosas.com\/?product=zapato-con-elastico","title":{"rendered":"ZAPATO CON EL\u00c1STICO"},"content":{"rendered":"<p>Zapatilla de profesora con el\u00e1stico en piel o ante con la suela entera de material cromo y tac\u00f3n de madera.<\/p>\n","protected":false},"excerpt":{"rendered":"<p>Zapatilla de profesora con el\u00e1stico en piel o ante con la suela entera de material cromo y tac\u00f3n de madera.<\/p>\n","protected":false},"featured_media":2997,"comment_status":"open","ping_status":"closed","template":"","meta":{"site-sidebar-layout":"default","site-content-layout":"default","ast-global-header-display":"","ast-main-header-display":"","ast-hfb-above-header-display":"","ast-hfb-below-header-display":"","ast-hfb-mobile-header-display":"","site-post-title":"","ast-breadcrumbs-content":"","ast-featured-img":"","footer-sml-layout":"","theme-transparent-header-meta":"default","adv-header-id-meta":"","stick-header-meta":"","header-above-stick-meta":"","header-main-stick-meta":"","header-below-stick-meta":"","spay_email":""},"product_cat":[18,74],"product_tag":[],"_links":{"self":[{"href":"https:\/\/laszapatillasrosas.com\/index.php?rest_route=\/wp\/v3\/product\/2990"}],"collection":[{"href":"https:\/\/laszapatillasrosas.com\/index.php?rest_route=\/wp\/v3\/product"}],"about":[{"href":"https:\/\/laszapatillasrosas.com\/index.php?rest_route=\/wp\/v2\/types\/product"}],"replies":[{"embeddable":true,"href":"https:\/\/laszapatillasrosas.com\/index.php?rest_route=%2Fwp%2Fv2%2Fcomments&post=2990"}],"version-history":[{"count":1,"href":"https:\/\/laszapatillasrosas.com\/index.php?rest_route=\/wp\/v3\/product\/2990\/revisions"}],"predecessor-version":[{"id":2998,"href":"https:\/\/laszapatillasrosas.com\/index.php?rest_route=\/wp\/v3\/product\/2990\/revisions\/2998"}],"wp:featuredmedia":[{"embeddable":true,"href":"https:\/\/laszapatillasrosas.com\/index.php?rest_route=\/wp\/v2\/media\/2997"}],"wp:attachment":[{"href":"https:\/\/laszapatillasrosas.com\/index.php?rest_route=%2Fwp%2Fv2%2Fmedia&parent=2990"}],"wp:term":[{"taxonomy":"product_cat","embeddable":true,"href":"https:\/\/laszapatillasrosas.com\/index.php?rest_route=%2Fwp%2Fv2%2Fproduct_cat&post=2990"},{"taxonomy":"product_tag","embeddable":true,"href":"https:\/\/laszapatillasrosas.com\/index.php?rest_route=%2Fwp%2Fv2%2Fproduct_tag&post=2990"}],"curies":[{"name":"wp","href":"https:\/\/api.w.org\/{rel}","templated":true}]}}