{"id":3009,"date":"2022-08-30T09:18:56","date_gmt":"2022-08-30T09:18:56","guid":{"rendered":"https:\/\/laszapatillasrosas.com\/?post_type=product&#038;p=3009"},"modified":"2022-11-11T08:50:00","modified_gmt":"2022-11-11T08:50:00","slug":"body-royly-intermezzo","status":"publish","type":"product","link":"https:\/\/laszapatillasrosas.com\/?product=body-royly-intermezzo","title":{"rendered":"BODY ROYLY INTERMEZZO"},"content":{"rendered":"<p>Maillot B\u00e1sico sin mangas en tejido Licra brillante de Intermezzo danza y ballet. Body b\u00e1sico con tirante camiseta con escote redondo delante y espalda. Ofrece m\u00e1xima comodidad para todo tipo de danza, disponible en distintas tallas y colores. Para mujer\/ni\u00f1a. Estilo ideal para bailarinas, gimnastas y patinadoras.<\/p>\n<p>\u2022 Maillot tirantes anchos<br \/>\n\u2022 Tejido de Licra brillante<br \/>\n\u2022 Muy el\u00e1stico<br \/>\n\u2022 Color negro<\/p>\n<p>&nbsp;<\/p>\n<hr \/>\n<div id=\"ctl00_body_VisorArticuloNormal1_PanelArticulo_ctl00_PanelComposiciones\" class=\"CompoPanel\">\n<h5 class=\"h5Compo\"><span id=\"ctl00_body_VisorArticuloNormal1_PanelArticulo_ctl00_ilblcomposiciones\">Composiciones<\/span><\/h5>\n<p class=\"descripcion_larga_producto Composiciones\"><b>&#8211;<\/b><br \/>\n20% ELASTAN<br \/>\n80% POLIAMIDA<\/p>\n<\/div>\n","protected":false},"excerpt":{"rendered":"<p>Maillot B\u00e1sico sin mangas en tejido Licra brillante de Intermezzo danza y ballet. Body b\u00e1sico con tirante camiseta con escote redondo delante y espalda. Ofrece m\u00e1xima comodidad para todo tipo de danza, disponible en distintas tallas y colores. Para mujer\/ni\u00f1a. Estilo ideal para bailarinas, gimnastas y patinadoras. \u2022 Maillot tirantes anchos \u2022 Tejido de Licra &hellip;<\/p>\n<p class=\"read-more\"> <a class=\"\" href=\"https:\/\/laszapatillasrosas.com\/?product=body-royly-intermezzo\"> <span class=\"screen-reader-text\">BODY ROYLY INTERMEZZO<\/span> Leer m\u00e1s &raquo;<\/a><\/p>\n","protected":false},"featured_media":3010,"comment_status":"open","ping_status":"closed","template":"","meta":{"site-sidebar-layout":"default","site-content-layout":"default","ast-global-header-display":"","ast-main-header-display":"","ast-hfb-above-header-display":"","ast-hfb-below-header-display":"","ast-hfb-mobile-header-display":"","site-post-title":"","ast-breadcrumbs-content":"","ast-featured-img":"","footer-sml-layout":"","theme-transparent-header-meta":"default","adv-header-id-meta":"","stick-header-meta":"","header-above-stick-meta":"","header-main-stick-meta":"","header-below-stick-meta":"","spay_email":""},"product_cat":[17],"product_tag":[],"_links":{"self":[{"href":"https:\/\/laszapatillasrosas.com\/index.php?rest_route=\/wp\/v3\/product\/3009"}],"collection":[{"href":"https:\/\/laszapatillasrosas.com\/index.php?rest_route=\/wp\/v3\/product"}],"about":[{"href":"https:\/\/laszapatillasrosas.com\/index.php?rest_route=\/wp\/v2\/types\/product"}],"replies":[{"embeddable":true,"href":"https:\/\/laszapatillasrosas.com\/index.php?rest_route=%2Fwp%2Fv2%2Fcomments&post=3009"}],"version-history":[{"count":1,"href":"https:\/\/laszapatillasrosas.com\/index.php?rest_route=\/wp\/v3\/product\/3009\/revisions"}],"predecessor-version":[{"id":3012,"href":"https:\/\/laszapatillasrosas.com\/index.php?rest_route=\/wp\/v3\/product\/3009\/revisions\/3012"}],"wp:featuredmedia":[{"embeddable":true,"href":"https:\/\/laszapatillasrosas.com\/index.php?rest_route=\/wp\/v2\/media\/3010"}],"wp:attachment":[{"href":"https:\/\/laszapatillasrosas.com\/index.php?rest_route=%2Fwp%2Fv2%2Fmedia&parent=3009"}],"wp:term":[{"taxonomy":"product_cat","embeddable":true,"href":"https:\/\/laszapatillasrosas.com\/index.php?rest_route=%2Fwp%2Fv2%2Fproduct_cat&post=3009"},{"taxonomy":"product_tag","embeddable":true,"href":"https:\/\/laszapatillasrosas.com\/index.php?rest_route=%2Fwp%2Fv2%2Fproduct_tag&post=3009"}],"curies":[{"name":"wp","href":"https:\/\/api.w.org\/{rel}","templated":true}]}}