{"id":3616,"date":"2022-11-25T09:43:18","date_gmt":"2022-11-25T09:43:18","guid":{"rendered":"https:\/\/laszapatillasrosas.com\/?post_type=product&#038;p=3616"},"modified":"2022-11-28T00:02:15","modified_gmt":"2022-11-28T00:02:15","slug":"maillot-ballet-rosa-aura","status":"publish","type":"product","link":"https:\/\/laszapatillasrosas.com\/?product=maillot-ballet-rosa-aura","title":{"rendered":"MAILLOT BALLET ROSA AURA"},"content":{"rendered":"","protected":false},"excerpt":{"rendered":"<p>Llama la atenci\u00f3n con el maillot Aura, con escote coraz\u00f3n, hermoso detalle de encaje en la parte superior del busto y elegante dise\u00f1o de tirantes en la parte media de la espalda. Siente la confianza y toma el protagonismo. Forro delantero para mayor comodidad.<\/p>\n","protected":false},"featured_media":3618,"comment_status":"open","ping_status":"closed","template":"","meta":{"site-sidebar-layout":"default","site-content-layout":"default","ast-global-header-display":"","ast-main-header-display":"","ast-hfb-above-header-display":"","ast-hfb-below-header-display":"","ast-hfb-mobile-header-display":"","site-post-title":"","ast-breadcrumbs-content":"","ast-featured-img":"","footer-sml-layout":"","theme-transparent-header-meta":"default","adv-header-id-meta":"","stick-header-meta":"","header-above-stick-meta":"","header-main-stick-meta":"","header-below-stick-meta":"","spay_email":""},"product_cat":[17],"product_tag":[],"_links":{"self":[{"href":"https:\/\/laszapatillasrosas.com\/index.php?rest_route=\/wp\/v3\/product\/3616"}],"collection":[{"href":"https:\/\/laszapatillasrosas.com\/index.php?rest_route=\/wp\/v3\/product"}],"about":[{"href":"https:\/\/laszapatillasrosas.com\/index.php?rest_route=\/wp\/v2\/types\/product"}],"replies":[{"embeddable":true,"href":"https:\/\/laszapatillasrosas.com\/index.php?rest_route=%2Fwp%2Fv2%2Fcomments&post=3616"}],"version-history":[{"count":1,"href":"https:\/\/laszapatillasrosas.com\/index.php?rest_route=\/wp\/v3\/product\/3616\/revisions"}],"predecessor-version":[{"id":3620,"href":"https:\/\/laszapatillasrosas.com\/index.php?rest_route=\/wp\/v3\/product\/3616\/revisions\/3620"}],"wp:featuredmedia":[{"embeddable":true,"href":"https:\/\/laszapatillasrosas.com\/index.php?rest_route=\/wp\/v2\/media\/3618"}],"wp:attachment":[{"href":"https:\/\/laszapatillasrosas.com\/index.php?rest_route=%2Fwp%2Fv2%2Fmedia&parent=3616"}],"wp:term":[{"taxonomy":"product_cat","embeddable":true,"href":"https:\/\/laszapatillasrosas.com\/index.php?rest_route=%2Fwp%2Fv2%2Fproduct_cat&post=3616"},{"taxonomy":"product_tag","embeddable":true,"href":"https:\/\/laszapatillasrosas.com\/index.php?rest_route=%2Fwp%2Fv2%2Fproduct_tag&post=3616"}],"curies":[{"name":"wp","href":"https:\/\/api.w.org\/{rel}","templated":true}]}}