{"id":3658,"date":"2023-01-09T10:30:06","date_gmt":"2023-01-09T10:30:06","guid":{"rendered":"https:\/\/laszapatillasrosas.com\/?post_type=product&#038;p=3658"},"modified":"2023-01-09T11:39:32","modified_gmt":"2023-01-09T11:39:32","slug":"zapatillas-de-ballet-de-lona-elastosplit","status":"publish","type":"product","link":"https:\/\/laszapatillasrosas.com\/?product=zapatillas-de-ballet-de-lona-elastosplit","title":{"rendered":"Zapatillas de ballet de lona Elastosplit"},"content":{"rendered":"","protected":false},"excerpt":{"rendered":"<p>Dise\u00f1o de vanguardia que crea un aspecto aerodin\u00e1mico \u00fanico. Bailarinas planas de lona con suela dividida y empeine el\u00e1stico para realzar el arco del bailar\u00edn y minimizar el abultamiento bajo los pies. Bailarina de piel con suela de serraje y el\u00e1stico en el empeine que realza el arco de la bailarina.<br \/>\n\u2022 El sistema el\u00e1stico en la secci\u00f3n media del &#8216;Elastosplit X&#8217; reemplaza los materiales en la parte media del pie para revelar el arco del bailar\u00edn<br \/>\n\u2022 El sistema el\u00e1stico tiene una configuraci\u00f3n en forma de &#8216;X&#8217; y se adapta maravillosamente a las l\u00edneas naturales del pie<\/p>\n","protected":false},"featured_media":3663,"comment_status":"open","ping_status":"closed","template":"","meta":{"site-sidebar-layout":"default","site-content-layout":"default","ast-global-header-display":"","ast-main-header-display":"","ast-hfb-above-header-display":"","ast-hfb-below-header-display":"","ast-hfb-mobile-header-display":"","site-post-title":"","ast-breadcrumbs-content":"","ast-featured-img":"","footer-sml-layout":"","theme-transparent-header-meta":"default","adv-header-id-meta":"","stick-header-meta":"","header-above-stick-meta":"","header-main-stick-meta":"","header-below-stick-meta":"","spay_email":""},"product_cat":[72,18,121],"product_tag":[],"_links":{"self":[{"href":"https:\/\/laszapatillasrosas.com\/index.php?rest_route=\/wp\/v3\/product\/3658"}],"collection":[{"href":"https:\/\/laszapatillasrosas.com\/index.php?rest_route=\/wp\/v3\/product"}],"about":[{"href":"https:\/\/laszapatillasrosas.com\/index.php?rest_route=\/wp\/v2\/types\/product"}],"replies":[{"embeddable":true,"href":"https:\/\/laszapatillasrosas.com\/index.php?rest_route=%2Fwp%2Fv2%2Fcomments&post=3658"}],"version-history":[{"count":1,"href":"https:\/\/laszapatillasrosas.com\/index.php?rest_route=\/wp\/v3\/product\/3658\/revisions"}],"predecessor-version":[{"id":3664,"href":"https:\/\/laszapatillasrosas.com\/index.php?rest_route=\/wp\/v3\/product\/3658\/revisions\/3664"}],"wp:featuredmedia":[{"embeddable":true,"href":"https:\/\/laszapatillasrosas.com\/index.php?rest_route=\/wp\/v2\/media\/3663"}],"wp:attachment":[{"href":"https:\/\/laszapatillasrosas.com\/index.php?rest_route=%2Fwp%2Fv2%2Fmedia&parent=3658"}],"wp:term":[{"taxonomy":"product_cat","embeddable":true,"href":"https:\/\/laszapatillasrosas.com\/index.php?rest_route=%2Fwp%2Fv2%2Fproduct_cat&post=3658"},{"taxonomy":"product_tag","embeddable":true,"href":"https:\/\/laszapatillasrosas.com\/index.php?rest_route=%2Fwp%2Fv2%2Fproduct_tag&post=3658"}],"curies":[{"name":"wp","href":"https:\/\/api.w.org\/{rel}","templated":true}]}}