{"id":4078,"date":"2023-03-31T12:18:12","date_gmt":"2023-03-31T12:18:12","guid":{"rendered":"https:\/\/laszapatillasrosas.com\/?post_type=product&#038;p=4078"},"modified":"2023-03-31T12:18:13","modified_gmt":"2023-03-31T12:18:13","slug":"aranas-contemporaneo-footundeez","status":"publish","type":"product","link":"https:\/\/laszapatillasrosas.com\/?product=aranas-contemporaneo-footundeez","title":{"rendered":"ARA\u00d1AS CONTEMPOR\u00c1NEO FOOTUNDEEZ"},"content":{"rendered":"","protected":false},"excerpt":{"rendered":"<p>Estas ara\u00f1as de contempor\u00e1neo crean la ilusi\u00f3n de bailar descalzo. Su material de elastano el\u00e1stico en cuatro direcciones es transpirable y estable gracias a las almohadillas cosidas en la parte delantera del pie. El el\u00e1stico unilateral con el logotipo de Capezio mantiene los footUndeez\u2122 en su sitio durante cada pirueta. Recomendado para clases l\u00edricas y modernas.<\/p>\n","protected":false},"featured_media":4081,"comment_status":"open","ping_status":"closed","template":"","meta":{"site-sidebar-layout":"default","site-content-layout":"default","ast-global-header-display":"","ast-main-header-display":"","ast-hfb-above-header-display":"","ast-hfb-below-header-display":"","ast-hfb-mobile-header-display":"","site-post-title":"","ast-breadcrumbs-content":"","ast-featured-img":"","footer-sml-layout":"","theme-transparent-header-meta":"default","adv-header-id-meta":"","stick-header-meta":"","header-above-stick-meta":"","header-main-stick-meta":"","header-below-stick-meta":"","spay_email":""},"product_cat":[19,18],"product_tag":[],"_links":{"self":[{"href":"https:\/\/laszapatillasrosas.com\/index.php?rest_route=\/wp\/v3\/product\/4078"}],"collection":[{"href":"https:\/\/laszapatillasrosas.com\/index.php?rest_route=\/wp\/v3\/product"}],"about":[{"href":"https:\/\/laszapatillasrosas.com\/index.php?rest_route=\/wp\/v2\/types\/product"}],"replies":[{"embeddable":true,"href":"https:\/\/laszapatillasrosas.com\/index.php?rest_route=%2Fwp%2Fv2%2Fcomments&post=4078"}],"version-history":[{"count":1,"href":"https:\/\/laszapatillasrosas.com\/index.php?rest_route=\/wp\/v3\/product\/4078\/revisions"}],"predecessor-version":[{"id":4082,"href":"https:\/\/laszapatillasrosas.com\/index.php?rest_route=\/wp\/v3\/product\/4078\/revisions\/4082"}],"wp:featuredmedia":[{"embeddable":true,"href":"https:\/\/laszapatillasrosas.com\/index.php?rest_route=\/wp\/v2\/media\/4081"}],"wp:attachment":[{"href":"https:\/\/laszapatillasrosas.com\/index.php?rest_route=%2Fwp%2Fv2%2Fmedia&parent=4078"}],"wp:term":[{"taxonomy":"product_cat","embeddable":true,"href":"https:\/\/laszapatillasrosas.com\/index.php?rest_route=%2Fwp%2Fv2%2Fproduct_cat&post=4078"},{"taxonomy":"product_tag","embeddable":true,"href":"https:\/\/laszapatillasrosas.com\/index.php?rest_route=%2Fwp%2Fv2%2Fproduct_tag&post=4078"}],"curies":[{"name":"wp","href":"https:\/\/api.w.org\/{rel}","templated":true}]}}