{"id":609,"date":"2020-10-25T16:46:44","date_gmt":"2020-10-25T16:46:44","guid":{"rendered":"https:\/\/laszapatillasrosas.com\/?post_type=product&#038;p=609"},"modified":"2022-12-24T01:21:43","modified_gmt":"2022-12-24T01:21:43","slug":"batas-de-cola-profesionales","status":"publish","type":"product","link":"https:\/\/laszapatillasrosas.com\/?product=batas-de-cola-profesionales","title":{"rendered":"BATAS DE COLA PROFESIONALES"},"content":{"rendered":"<p>Batas de cola profesionales confeccionadas totalmente en nuestros talleres. Puedes contactar con nuestro equipo a trav\u00e9s de nuestro correo electr\u00f3nico (zapatillasrosasdanza@gmail.com) o a trav\u00e9s de nuestro perfil de instagram (laszapatillasrosas). Se hacen al gusto del consumidor, eligiendo color, tela y estampado.<\/p>\n<p>Las faldas que salen en la galer\u00eda de im\u00e1genes son ejemplos del trabajo que realizamos.<\/p>\n","protected":false},"excerpt":{"rendered":"<p>Batas de cola profesionales confeccionadas totalmente en nuestros talleres. Puedes contactar con nuestro equipo a trav\u00e9s de nuestro correo electr\u00f3nico (zapatillasrosasdanza@gmail.com) o a trav\u00e9s de nuestro perfil de instagram (laszapatillasrosas). Se hacen al gusto del consumidor, eligiendo color, tela y estampado. Las faldas que salen en la galer\u00eda de im\u00e1genes son ejemplos del trabajo que &hellip;<\/p>\n<p class=\"read-more\"> <a class=\"\" href=\"https:\/\/laszapatillasrosas.com\/?product=batas-de-cola-profesionales\"> <span class=\"screen-reader-text\">BATAS DE COLA PROFESIONALES<\/span> Leer m\u00e1s &raquo;<\/a><\/p>\n","protected":false},"featured_media":610,"comment_status":"open","ping_status":"closed","template":"","meta":{"site-sidebar-layout":"default","site-content-layout":"default","ast-global-header-display":"","ast-main-header-display":"","ast-hfb-above-header-display":"","ast-hfb-below-header-display":"","ast-hfb-mobile-header-display":"","site-post-title":"","ast-breadcrumbs-content":"","ast-featured-img":"","footer-sml-layout":"","theme-transparent-header-meta":"default","adv-header-id-meta":"","stick-header-meta":"","header-above-stick-meta":"","header-main-stick-meta":"","header-below-stick-meta":"","spay_email":""},"product_cat":[71,16],"product_tag":[],"_links":{"self":[{"href":"https:\/\/laszapatillasrosas.com\/index.php?rest_route=\/wp\/v3\/product\/609"}],"collection":[{"href":"https:\/\/laszapatillasrosas.com\/index.php?rest_route=\/wp\/v3\/product"}],"about":[{"href":"https:\/\/laszapatillasrosas.com\/index.php?rest_route=\/wp\/v2\/types\/product"}],"replies":[{"embeddable":true,"href":"https:\/\/laszapatillasrosas.com\/index.php?rest_route=%2Fwp%2Fv2%2Fcomments&post=609"}],"version-history":[{"count":0,"href":"https:\/\/laszapatillasrosas.com\/index.php?rest_route=\/wp\/v3\/product\/609\/revisions"}],"wp:featuredmedia":[{"embeddable":true,"href":"https:\/\/laszapatillasrosas.com\/index.php?rest_route=\/wp\/v2\/media\/610"}],"wp:attachment":[{"href":"https:\/\/laszapatillasrosas.com\/index.php?rest_route=%2Fwp%2Fv2%2Fmedia&parent=609"}],"wp:term":[{"taxonomy":"product_cat","embeddable":true,"href":"https:\/\/laszapatillasrosas.com\/index.php?rest_route=%2Fwp%2Fv2%2Fproduct_cat&post=609"},{"taxonomy":"product_tag","embeddable":true,"href":"https:\/\/laszapatillasrosas.com\/index.php?rest_route=%2Fwp%2Fv2%2Fproduct_tag&post=609"}],"curies":[{"name":"wp","href":"https:\/\/api.w.org\/{rel}","templated":true}]}}