{"id":634,"date":"2020-10-26T11:13:04","date_gmt":"2020-10-26T11:13:04","guid":{"rendered":"https:\/\/laszapatillasrosas.com\/?post_type=product&#038;p=634"},"modified":"2023-03-15T11:54:09","modified_gmt":"2023-03-15T11:54:09","slug":"calentador-fucsia","status":"publish","type":"product","link":"https:\/\/laszapatillasrosas.com\/?product=calentador-fucsia","title":{"rendered":"CALENTADORES"},"content":{"rendered":"","protected":false},"excerpt":{"rendered":"<p>Calentador cl\u00e1sico (2010) Intermezzo de 40cm de largo, con agujero en el tal\u00f3n. En acr\u00edlico. Ofrece m\u00e1xima comodidad para todo tipo de danza, disponible en distintas tallas y colores. Para mujer\/ni\u00f1a.<\/p>\n","protected":false},"featured_media":651,"comment_status":"open","ping_status":"closed","template":"","meta":{"site-sidebar-layout":"default","site-content-layout":"default","ast-global-header-display":"","ast-main-header-display":"","ast-hfb-above-header-display":"","ast-hfb-below-header-display":"","ast-hfb-mobile-header-display":"","site-post-title":"","ast-breadcrumbs-content":"","ast-featured-img":"","footer-sml-layout":"","theme-transparent-header-meta":"default","adv-header-id-meta":"","stick-header-meta":"","header-above-stick-meta":"","header-main-stick-meta":"","header-below-stick-meta":"","spay_email":""},"product_cat":[19,17,69],"product_tag":[],"_links":{"self":[{"href":"https:\/\/laszapatillasrosas.com\/index.php?rest_route=\/wp\/v3\/product\/634"}],"collection":[{"href":"https:\/\/laszapatillasrosas.com\/index.php?rest_route=\/wp\/v3\/product"}],"about":[{"href":"https:\/\/laszapatillasrosas.com\/index.php?rest_route=\/wp\/v2\/types\/product"}],"replies":[{"embeddable":true,"href":"https:\/\/laszapatillasrosas.com\/index.php?rest_route=%2Fwp%2Fv2%2Fcomments&post=634"}],"version-history":[{"count":2,"href":"https:\/\/laszapatillasrosas.com\/index.php?rest_route=\/wp\/v3\/product\/634\/revisions"}],"predecessor-version":[{"id":2704,"href":"https:\/\/laszapatillasrosas.com\/index.php?rest_route=\/wp\/v3\/product\/634\/revisions\/2704"}],"wp:featuredmedia":[{"embeddable":true,"href":"https:\/\/laszapatillasrosas.com\/index.php?rest_route=\/wp\/v2\/media\/651"}],"wp:attachment":[{"href":"https:\/\/laszapatillasrosas.com\/index.php?rest_route=%2Fwp%2Fv2%2Fmedia&parent=634"}],"wp:term":[{"taxonomy":"product_cat","embeddable":true,"href":"https:\/\/laszapatillasrosas.com\/index.php?rest_route=%2Fwp%2Fv2%2Fproduct_cat&post=634"},{"taxonomy":"product_tag","embeddable":true,"href":"https:\/\/laszapatillasrosas.com\/index.php?rest_route=%2Fwp%2Fv2%2Fproduct_tag&post=634"}],"curies":[{"name":"wp","href":"https:\/\/api.w.org\/{rel}","templated":true}]}}