{"id":638,"date":"2020-10-26T11:18:29","date_gmt":"2020-10-26T11:18:29","guid":{"rendered":"https:\/\/laszapatillasrosas.com\/?post_type=product&#038;p=638"},"modified":"2025-02-27T11:12:54","modified_gmt":"2025-02-27T11:12:54","slug":"zapato-gitanilla","status":"publish","type":"product","link":"https:\/\/laszapatillasrosas.com\/?product=zapato-gitanilla","title":{"rendered":"ZAPATO GITANILLA"},"content":{"rendered":"","protected":false},"excerpt":{"rendered":"<p>Zapatos de Flamenco Sint\u00e9ticos Intermezzo danza Espa\u00f1ola. Cierre con goma el\u00e1stica. Suela de goma. Recomendados para bailarinas principiantes de flamenco. \u2022 Zapatos Flamenco\u00a0 \u2022 Cierre con el\u00e1stico \u2022 Color Negro \u2022 Material sint\u00e9tico<\/p>\n<div class=\"composition-title\"><\/div>\n<div class=\"composition-content\">100% SINTETICO<\/div>\n","protected":false},"featured_media":627,"comment_status":"open","ping_status":"closed","template":"","meta":{"site-sidebar-layout":"default","site-content-layout":"default","ast-global-header-display":"","ast-main-header-display":"","ast-hfb-above-header-display":"","ast-hfb-below-header-display":"","ast-hfb-mobile-header-display":"","site-post-title":"","ast-breadcrumbs-content":"","ast-featured-img":"","footer-sml-layout":"","theme-transparent-header-meta":"default","adv-header-id-meta":"","stick-header-meta":"","header-above-stick-meta":"","header-main-stick-meta":"","header-below-stick-meta":"","spay_email":""},"product_cat":[18,74],"product_tag":[],"_links":{"self":[{"href":"https:\/\/laszapatillasrosas.com\/index.php?rest_route=\/wp\/v3\/product\/638"}],"collection":[{"href":"https:\/\/laszapatillasrosas.com\/index.php?rest_route=\/wp\/v3\/product"}],"about":[{"href":"https:\/\/laszapatillasrosas.com\/index.php?rest_route=\/wp\/v2\/types\/product"}],"replies":[{"embeddable":true,"href":"https:\/\/laszapatillasrosas.com\/index.php?rest_route=%2Fwp%2Fv2%2Fcomments&post=638"}],"version-history":[{"count":1,"href":"https:\/\/laszapatillasrosas.com\/index.php?rest_route=\/wp\/v3\/product\/638\/revisions"}],"predecessor-version":[{"id":5176,"href":"https:\/\/laszapatillasrosas.com\/index.php?rest_route=\/wp\/v3\/product\/638\/revisions\/5176"}],"wp:featuredmedia":[{"embeddable":true,"href":"https:\/\/laszapatillasrosas.com\/index.php?rest_route=\/wp\/v2\/media\/627"}],"wp:attachment":[{"href":"https:\/\/laszapatillasrosas.com\/index.php?rest_route=%2Fwp%2Fv2%2Fmedia&parent=638"}],"wp:term":[{"taxonomy":"product_cat","embeddable":true,"href":"https:\/\/laszapatillasrosas.com\/index.php?rest_route=%2Fwp%2Fv2%2Fproduct_cat&post=638"},{"taxonomy":"product_tag","embeddable":true,"href":"https:\/\/laszapatillasrosas.com\/index.php?rest_route=%2Fwp%2Fv2%2Fproduct_tag&post=638"}],"curies":[{"name":"wp","href":"https:\/\/api.w.org\/{rel}","templated":true}]}}